{"id":2700,"date":"2020-09-16T19:19:16","date_gmt":"2020-09-16T17:19:16","guid":{"rendered":"http:\/\/cannabis-pastillen.com\/product\/import-placeholder-for-675\/"},"modified":"2021-06-03T09:33:19","modified_gmt":"2021-06-03T07:33:19","slug":"nadh-plus-cbd-cannabidiol-lutschpastille","status":"publish","type":"product","link":"https:\/\/cannabis-pastillen.com\/en\/product\/nadh-plus-cbd-cannabidiol-lutschpastille\/","title":{"rendered":"NADH plus CBD-CANNABIDIOL- 30 sublingual lozenges"},"content":{"rendered":"<div class=\"vc_row wpb_row vc_row-fluid\"><div class=\"wpb_column vc_column_container vc_col-sm-12\"><div class=\"vc_column-inner\"><div class=\"wpb_wrapper\">\n\t<div class=\"wpb_text_column wpb_content_element\" >\n\t\t<div class=\"wpb_wrapper\">\n\t\t\t<div class=\"pro-main\">\n<div class=\"pro-left\">\n<p>&nbsp;<\/p>\n<h3><strong>Cannabis has been a medicinal plant for 5,000 years!<\/strong><\/h3>\n<p><strong>Recommended consumption:<\/strong> Put 1-3 lollipops under your tongue every day and let them melt. The lozenges dissolve quickly. Recommended daily dosage not<br \/>\nexceed. Keep out of reach of small children. Food supplements are not a substitute for a varied diet, which is important together with a healthy lifestyle.<\/p>\n<p><strong>Recommended consumption only for consumers\/Switzerland:<\/strong> 1 lozenge a day (according to Swiss food law).<\/p>\n<p><strong>NADH plus CBD-CANNABIDIOL<\/strong> &#8211; <strong>free from Tetrahydrocannabinol (THC)<\/strong> - has been tested and certified by the Technical University of Graz\/Austria, Prof. Dr. Werner Pfannhauser, according to the guidelines of EUROPEAN HEALTH CLAIMS REGULATIONS and the FOS (Free Of Sale) has been issued. The product has the Pharmacy Central Number (PZN).<\/p>\n<\/div>\n<div class=\"pro-right\">\n<p><strong>- Advantage of this product:<\/strong> This is the dosage form as a lozenge. Only as such, the active ingredients reach the brain and consequently the bloodstream unhindered and immediately via the oral mucosa. This results in a rapid effect. No comparison with the superficial application of cannabis oil.<\/p>\n<p>- Also <strong>Cannabis Drops<\/strong> have a delaying effect of 2 hours or more, because they must first pass through the stomach to be absorbed in the intestine.<br \/>\n<strong>- CBD CANNABIDIOL lozenges<\/strong> are the solution: they immediately provide a naturally induced, relaxing and also antispasmodic effect from within. The emphasis here is on \"natural\"!<\/p>\n<p><strong>Functionally combined with NADH coenzyme 1:<\/strong> It is well known that tension and pain of any kind are energy thieves. This means that our energy balance in the body is no longer balanced. Dizziness, circulatory disorders, nausea, exhaustion, etc. are the consequences. NADH is contained in this lozenge (LP) in a high dosage of 20 mg per LP and therefore quickly restores the energy balance in the body, with subsequent<br \/>\nsense of well-being.<\/p>\n<p><strong>CANNABIS KANN ALTERSBESCHWERDEN LINDERN<br \/>\n<\/strong>Cannabis ist zwar keine Wunderpflanze, Fakt ist aber, dass der Gebrauch bei vielen \u00e4lteren Patienten schmerzlindernd wirkt. Typische Altersbeschwerden werden oft mit der jahrelangen Einnahme von Medikamenten behandelt. In solchen F\u00e4llen ist es mitunter sinnvoll, die heilsame Wirkung der Hanfpflanze zu nutzen.<\/p>\n<p>Besonders spannend ist jedoch, dass Cannabis Alterungsprozesse im Gehirn umkehren kann. Das zeigten Wissenschaftler der Universit\u00e4t Bonn mit ihren Kollegen der Hebrew University (Israel) an M\u00e4usen. Alte Tiere konnten durch eine l\u00e4ngere niedrig dosierte Behandlung mit einem Cannabis-Wirkstoff in den Zustand von zwei Monate jungen M\u00e4usen zur\u00fcckversetzt werden. Dies er\u00f6ffnet zum Beispiel f\u00fcr die Behandlung von Demenzerkrankungen neue Optionen.<\/p>\n<p>Aber auch Schlafst\u00f6rungen k\u00f6nnen mit Cannabis verbessert werden. Noch muss auf diesem Sektor weiter geforscht werden, jedoch konnte festgestellt werden, dass Cannabis den Tiefschlaf deutlich erh\u00f6ht. Grund ist das im Hanf enthaltene, und oben genannte, CBD.<\/p>\n<p>Altersbedingte Augenkrankheiten wie der Gr\u00fcne und der Graue Star oder auch die Makuladegeneration machen sich nur schleichend bemerkbar. Besonders gef\u00e4hrlich ist der Gr\u00fcne Star, deren Nichtbehandlung zur Erblindung f\u00fchrt. Ursache ist ein erh\u00f6hter Augendruck, der sich mit Hilfe von Cannabis senken lassen k\u00f6nnte.<\/p>\n<p>Hanf wird aber auch bei Appetitlosigkeit eingesetzt. Das Tetrahydrocannabinol (THC) im Cannabis regt den Appetit an. Medizinisch genutzt wird dieser Effekt h\u00e4ufig bei Krebspatienten. Aber auch f\u00fcr Senioren, die nach einer OP oft schlecht wieder auf die Beine kommen.<\/p>\n<h3>Just try it out - simply feel good again - it's as simple as that!<\/h3>\n<p>&nbsp;<\/p>\n<\/div>\n<\/div>\n\n\t\t<\/div>\n\t<\/div>\n<\/div><\/div><\/div><\/div><div class=\"vc_row wpb_row vc_row-fluid\"><div class=\"wpb_column vc_column_container vc_col-sm-12\"><div class=\"vc_column-inner\"><div class=\"wpb_wrapper\">\n\t<div  class=\"wpb_single_image wpb_content_element vc_align_left\">\n\t\t\n\t\t<figure class=\"wpb_wrapper vc_figure\">\n\t\t\t<div class=\"vc_single_image-wrapper   vc_box_border_grey\"><img width=\"500\" height=\"107\" src=\"https:\/\/cannabis-pastillen.com\/wp-content\/uploads\/2020\/09\/fotolia_204584716.jpg\" class=\"vc_single_image-img attachment-full\" alt=\"\" loading=\"lazy\" srcset=\"https:\/\/cannabis-pastillen.com\/wp-content\/uploads\/2020\/09\/fotolia_204584716.jpg 500w, https:\/\/cannabis-pastillen.com\/wp-content\/uploads\/2020\/09\/fotolia_204584716-300x64.jpg 300w\" sizes=\"(max-width: 500px) 100vw, 500px\" \/><\/div>\n\t\t<\/figure>\n\t<\/div>\n<\/div><\/div><\/div><\/div><div class=\"vc_row wpb_row vc_row-fluid\"><\/div><div class=\"wpb_column vc_column_container vc_col-sm-6\"><div class=\"vc_column-inner\"><div class=\"wpb_wrapper\">\n\t<div  class=\"wpb_single_image wpb_content_element vc_align_left\">\n\t\t\n\t\t<figure class=\"wpb_wrapper vc_figure\">\n\t\t\t<div class=\"vc_single_image-wrapper   vc_box_border_grey\"><img width=\"573\" height=\"395\" src=\"https:\/\/cannabis-pastillen.com\/wp-content\/uploads\/2020\/09\/canabis-mood.jpg\" class=\"vc_single_image-img attachment-full\" alt=\"\" loading=\"lazy\" srcset=\"https:\/\/cannabis-pastillen.com\/wp-content\/uploads\/2020\/09\/canabis-mood.jpg 573w, https:\/\/cannabis-pastillen.com\/wp-content\/uploads\/2020\/09\/canabis-mood-300x207.jpg 300w\" sizes=\"(max-width: 573px) 100vw, 573px\" \/><\/div>\n\t\t<\/figure>\n\t<\/div>\n<\/div><\/div><\/div><div class=\"wpb_column vc_column_container vc_col-sm-6\"><div class=\"vc_column-inner\"><div class=\"wpb_wrapper\"><\/div><\/div><\/div>\n\t<div class=\"wpb_text_column wpb_content_element\" >\n\t\t<div class=\"wpb_wrapper\">\n\t\t\t<p><strong>General practitioners - homeopaths - therapists and alternative practitioners<\/strong><br \/>\n<strong>recommend this high-quality, effective and functionally combined<\/strong><br \/>\n<strong>NADH food supplements!<\/strong><\/p>\n\n\t\t<\/div>\n\t<\/div>\n\n\t<div  class=\"wpb_single_image wpb_content_element vc_align_left\">\n\t\t\n\t\t<figure class=\"wpb_wrapper vc_figure\">\n\t\t\t<div class=\"vc_single_image-wrapper   vc_box_border_grey\"><img width=\"300\" height=\"185\" src=\"https:\/\/cannabis-pastillen.com\/wp-content\/uploads\/2020\/09\/Gesund-alt-werden-300x185.jpg\" class=\"vc_single_image-img attachment-medium\" alt=\"\" loading=\"lazy\" srcset=\"https:\/\/cannabis-pastillen.com\/wp-content\/uploads\/2020\/09\/Gesund-alt-werden-300x185.jpg 300w, https:\/\/cannabis-pastillen.com\/wp-content\/uploads\/2020\/09\/Gesund-alt-werden-1024x632.jpg 1024w, https:\/\/cannabis-pastillen.com\/wp-content\/uploads\/2020\/09\/Gesund-alt-werden-768x474.jpg 768w, https:\/\/cannabis-pastillen.com\/wp-content\/uploads\/2020\/09\/Gesund-alt-werden-1536x948.jpg 1536w, https:\/\/cannabis-pastillen.com\/wp-content\/uploads\/2020\/09\/Gesund-alt-werden-2048x1264.jpg 2048w, https:\/\/cannabis-pastillen.com\/wp-content\/uploads\/2020\/09\/Gesund-alt-werden-1200x741.jpg 1200w\" sizes=\"(max-width: 300px) 100vw, 300px\" \/><\/div>\n\t\t<\/figure>\n\t<\/div>\n\n\t<div class=\"wpb_text_column wpb_content_element\" >\n\t\t<div class=\"wpb_wrapper\">\n\t\t\t\n\t\t<\/div>\n\t<\/div>\n<strong>Important note:<\/strong><br \/>\n- If you are interested in other functionally combined NADH products<br \/>\nare interested, please visit the website:<\/p>\n<h5><a href=\"https:\/\/www.innova-swiss.com\/\">www.innova-swiss.com<\/a><\/h5>","protected":false},"excerpt":{"rendered":"<p><strong>Recommended:<\/strong> for relaxation, for pain<\/p>\n<p><strong>Production:<\/strong> Austria<\/p>\n<p><strong>THE WORLD'S FIRST CANNABIS (CBD-CANNABIDIOL) - AIRPASTILLE WITH NADH coenzyme1<\/strong><\/p>\n<p><strong>Ingredients:<\/strong> Sweeteners: Isomalt, Stevioglycosides (Stevia), NADH powder, CBD-Cannabidiol powder, Release agent: Starch, Acidity regulator: Sodium Hydrogen Carbonate, Fruit flavour. Sugar-free.<\/p>\n<p><strong>Does not contain:<\/strong> sugar, caffeine, yeast, dairy products, preservatives.<br \/>\n100% vegetarian, suitable for diabetics.<\/p>\n<p><strong>Shipping:<\/strong> postage free from Austria to all EU countries + Switzerland!<\/p>\n<p><strong>Time of delivery:<\/strong> prompt delivery!<\/p>\n<p>&nbsp;<\/p>","protected":false},"featured_media":2712,"comment_status":"open","ping_status":"closed","template":"","meta":[],"_links":{"self":[{"href":"https:\/\/cannabis-pastillen.com\/en\/wp-json\/wp\/v2\/product\/2700"}],"collection":[{"href":"https:\/\/cannabis-pastillen.com\/en\/wp-json\/wp\/v2\/product"}],"about":[{"href":"https:\/\/cannabis-pastillen.com\/en\/wp-json\/wp\/v2\/types\/product"}],"replies":[{"embeddable":true,"href":"https:\/\/cannabis-pastillen.com\/en\/wp-json\/wp\/v2\/comments?post=2700"}],"wp:featuredmedia":[{"embeddable":true,"href":"https:\/\/cannabis-pastillen.com\/en\/wp-json\/wp\/v2\/media\/2712"}],"wp:attachment":[{"href":"https:\/\/cannabis-pastillen.com\/en\/wp-json\/wp\/v2\/media?parent=2700"}],"curies":[{"name":"wp","href":"https:\/\/api.w.org\/{rel}","templated":true}]}}