{"id":3,"date":"2020-09-16T12:43:37","date_gmt":"2020-09-16T10:43:37","guid":{"rendered":"http:\/\/cannabis-pastillen.com\/?page_id=3"},"modified":"2020-09-16T19:49:38","modified_gmt":"2020-09-16T17:49:38","slug":"privacy-policy","status":"publish","type":"page","link":"https:\/\/cannabis-pastillen.com\/en\/privacy-policy\/","title":{"rendered":"Datenschutz"},"content":{"rendered":"<div class=\"vc_row wpb_row vc_row-fluid\"><div class=\"wpb_column vc_column_container vc_col-sm-12\"><div class=\"vc_column-inner\"><div class=\"wpb_wrapper\">\n\t<div class=\"wpb_text_column wpb_content_element\" >\n\t\t<div class=\"wpb_wrapper\">\n\t\t\t<p>Datenschutz<br \/>\nWir nehmen den Schutz Ihrer personenbezogenen Daten nach den Vorgaben der europ\u00e4ischen Datenschutzvorschriften sehr ernst. Ihre personenbezogenen Daten werden auf dieser Webseite im technisch notwendigen Umfang erhoben.<br \/>\nPersonenbezogene Daten<br \/>\nPersonenbezogene Daten sind Einzelangaben \u00fcber pers\u00f6nliche oder sachliche Verh\u00e4ltnisse einer bestimmten oder bestimmbaren nat\u00fcrlichen Person.<br \/>\nAblauf einer Bestellung<br \/>\nZur Abwicklung Ihrer Bestellung d\u00fcrfen wir auch ohne ausdr\u00fcckliche Erlaubnis, die mit der Bestellung verbundenen Daten erheben, verarbeiten und nutzen. Der Zugriff darauf ist nur der notwendigen Anzahl besonders befugter Personen m\u00f6glich, die mit der technischen, kaufm\u00e4nnischen oder redaktionellen Betreuung der Server befasst sind.<br \/>\nAbsolute Vertraulichkeit<br \/>\nDie vertrauliche Behandlung unserer Kundendaten hat bei GNP-USA h\u00f6chste Priorit\u00e4t. Ihre pers\u00f6nlichen Daten werden unter keinen Umst\u00e4nden geteilt, verkauft oder an Dritte weitergeleitet.<br \/>\nKinder<br \/>\nPersonen unter 18 Jahren d\u00fcrfen ohne Zustimmung der Eltern oder Erziehungsberechtigten keine personenbezogenen Daten an uns \u00fcbermitteln. Wir fordern keine personenbezogenen Daten von Kindern an, sammeln diese nicht und geben sie nicht an Dritte weiter.<br \/>\nDatenverarbeitung auf dieser Internetseite<br \/>\nwww.cannabis-pastille.com erhebt und speichert automatisch in ihren Server Log Files Informationen, die Ihr Browser an uns \u00fcbermittelt. Sensible Daten werden per SSL-Verschl\u00fcsselung \u00fcbermittelt.<br \/>\nDies sind:<br \/>\n&#8220; Browsertyp\/ -version<br \/>\n&#8220; verwendetes Betriebssystem<br \/>\n&#8220; Referrer URL (die zuvor besuchte Seite)<br \/>\n&#8220; Hostname des zugreifenden Rechners (IP Adresse)<br \/>\n&#8220; Uhrzeit der Serveranfrage.<br \/>\nDiese Daten sind f\u00fcr www.newbioscan.com grunds\u00e4tzlich nicht personenbeziehbar, z.B. weil Internetprovider ihre IP Adressen dynamisch ihren Kunden zuordnen. Zur statistischen Auswertung und zur fortlaufenden Verbesserung der Qualit\u00e4t unseres Internetangebotes nehmen wir fortlaufende Auswertungen dieser Server Log Files vor. Diese Auswertungen erfolgen anonymisiert so dass wir keine R\u00fcckschl\u00fcsse auf bestimmte Nutzer ziehen k\u00f6nnen. Wir f\u00fchren diese Auswertungen nicht mit anderen personenbezogenen Daten unserer Nutzer zusammen. Die Log Files werden zudem nach einer statistischen Auswertung gel\u00f6scht.<br \/>\nCookies<br \/>\nDie Internetseiten verwenden an mehreren Stellen so genannte Cookies. Sie dienen dazu, unser Angebot nutzerfreundlicher, effektiver und sicherer zu machen. Cookies sind kleine Textdateien, die auf Ihrem Rechner abgelegt werden und die Ihr Browser speichert. Die meisten der von uns verwendeten Cookies sind so genannte &#8222;Session-Cookies&#8220;. Sie werden nach Ende Ihres Besuchs automatisch gel\u00f6scht. Cookies richten auf Ihrem Rechner keinen Schaden an und enthalten keine Viren.<br \/>\nNewsletter<br \/>\nWenn Sie den auf der Webseite angebotenen Newsletter empfangen m\u00f6chten, ben\u00f6tigen wir von Ihnen eine valide Email-Adresse sowie Informationen, die die \u00dcberpr\u00fcfung gestatten, dass Sie der Inhaber der angegebenen Email-Adresse sind bzw. deren Inhaber mit dem Empfang des Newsletters einverstanden ist. Weitere Daten werden nicht erhoben. Ihre Einwilligung zur Speicherung der Daten, der Email-Adresse sowie deren Nutzung zum Versand des Newsletters k\u00f6nnen Sie jederzeit widerrufen.<br \/>\nAuskunftsrecht<br \/>\nAuf schriftliche Anfrage werden Sie von uns dar\u00fcber informiert, welche Daten wir \u00fcber Ihre Person (z.B. Name, Adresse) gespeichert haben.<br \/>\nLinks zu anderen Websites<br \/>\nWir haben keinerlei Einfluss auf die Gestaltung der von unseren Seiten gelinkten Seiten und distanzieren uns deswegen ausdr\u00fccklich von allen dortigen Inhalten. Dies gilt f\u00fcr alle Links unserer Seiten, die zu einer anderen Domain als zu unserer Homepage f\u00fchren. Wir erkl\u00e4ren uns daher verantwortlich ausschlie\u00dflich f\u00fcr die Inhalte, aus denen unsere Homepage besteht, deren Gestaltung wir beeinflussen k\u00f6nnen.<br \/>\nRecht auf Widerruf<br \/>\nWenn Sie uns personenbezogene Daten \u00fcberlassen haben, k\u00f6nnen Sie diese jederzeit wieder l\u00f6schen. Daten f\u00fcr Abrechnungs- und buchhalterische Zwecke sind von einer K\u00fcndigung beziehungsweise einer L\u00f6schung nicht ber\u00fchrt.<br \/>\nWeitere Informationen<br \/>\nIhr Vertrauen ist uns wichtig. Daher m\u00f6chten wir Ihnen jederzeit Rede und Antwort bez\u00fcglich der Verarbeitung Ihrer personenbezogenen Daten stehen. Wenn Sie Fragen haben, die Ihnen diese Datenschutzerkl\u00e4rung nicht beantworten konnte oder wenn Sie zu einem Punkt vertiefte Informationen w\u00fcnschen, wenden Sie sich bitte jederzeit an uns.<br \/>\n\u00c4nderungen<br \/>\nDiese Hinweise unterliegen der jeweiligen Rechtslage und k\u00f6nnen daher Anpassungen erforderlich machen. F\u00fcr Fragen, Anregungen oder Kommentare wenden Sie sich bitte per E-Mail an:<br \/>\noffice@gnp-international.com.<\/p>\n\n\t\t<\/div>\n\t<\/div>\n<\/div><\/div><\/div><\/div>","protected":false},"excerpt":{"rendered":"Datenschutz Wir nehmen den Schutz Ihrer personenbezogenen Daten nach den Vorgaben der europ\u00e4ischen Datenschutzvorschriften sehr ernst. Ihre personenbezogenen Daten werden","protected":false},"author":1,"featured_media":0,"parent":0,"menu_order":0,"comment_status":"closed","ping_status":"open","template":"","meta":[],"_links":{"self":[{"href":"https:\/\/cannabis-pastillen.com\/en\/wp-json\/wp\/v2\/pages\/3"}],"collection":[{"href":"https:\/\/cannabis-pastillen.com\/en\/wp-json\/wp\/v2\/pages"}],"about":[{"href":"https:\/\/cannabis-pastillen.com\/en\/wp-json\/wp\/v2\/types\/page"}],"author":[{"embeddable":true,"href":"https:\/\/cannabis-pastillen.com\/en\/wp-json\/wp\/v2\/users\/1"}],"replies":[{"embeddable":true,"href":"https:\/\/cannabis-pastillen.com\/en\/wp-json\/wp\/v2\/comments?post=3"}],"version-history":[{"count":3,"href":"https:\/\/cannabis-pastillen.com\/en\/wp-json\/wp\/v2\/pages\/3\/revisions"}],"predecessor-version":[{"id":2720,"href":"https:\/\/cannabis-pastillen.com\/en\/wp-json\/wp\/v2\/pages\/3\/revisions\/2720"}],"wp:attachment":[{"href":"https:\/\/cannabis-pastillen.com\/en\/wp-json\/wp\/v2\/media?parent=3"}],"curies":[{"name":"wp","href":"https:\/\/api.w.org\/{rel}","templated":true}]}}