{"id":2769,"date":"2020-09-28T15:09:32","date_gmt":"2020-09-28T13:09:32","guid":{"rendered":"http:\/\/cannabis-pastillen.com\/?page_id=2769"},"modified":"2020-10-23T16:03:09","modified_gmt":"2020-10-23T14:03:09","slug":"agbs","status":"publish","type":"page","link":"https:\/\/cannabis-pastillen.com\/en\/agbs\/","title":{"rendered":"AGBs"},"content":{"rendered":"<div class=\"vc_row wpb_row vc_row-fluid\"><div class=\"wpb_column vc_column_container vc_col-sm-12\"><div class=\"vc_column-inner\"><div class=\"wpb_wrapper\">\n\t<div class=\"wpb_text_column wpb_content_element\" >\n\t\t<div class=\"wpb_wrapper\">\n\t\t\t<p><b><img loading=\"lazy\" class=\"size-medium wp-image-2722 aligncenter\" src=\"https:\/\/cannabis-pastillen.com\/wp-content\/uploads\/2020\/09\/Gnp-logo-300x213.png\" alt=\"\" width=\"300\" height=\"213\" srcset=\"https:\/\/cannabis-pastillen.com\/wp-content\/uploads\/2020\/09\/Gnp-logo-300x213.png 300w, https:\/\/cannabis-pastillen.com\/wp-content\/uploads\/2020\/09\/Gnp-logo.png 373w\" sizes=\"(max-width: 300px) 100vw, 300px\" \/><\/b><\/p>\n<p style=\"text-align: center;\"><b>Allgemeinen Gesch\u00e4ftsbedingungen (AGB)\u00a0<\/b><\/p>\n<p><span style=\"font-weight: 400;\">Geltungsbereich. Diese Allgemeinen Verkaufs- und Lieferbedingungen gelten f\u00fcr alle Lieferungen von Waren welche durch die GNP GLOBAL NATURE PRODUCTS ASSOCIATION INC. Oregon\/USA aufgrund von Bestellungen im Fernabsatz erfolgen. Mit Bestellung bzw. sp\u00e4testens mit Empfang der Ware anerkennt der Kunde diese Allgemeinen Verkaufs- und Lieferbedingungen. Ab\u00e4nderungen oder Nebenabreden bed\u00fcrfen zu ihrer G\u00fcltigkeit der Best\u00e4tigung durch im Firmenbuch eingetragene vertretungsbefugte Personen unserer Gesellschaft und gelten nur f\u00fcr den einzelnen Gesch\u00e4ftsfall. Unsere \u00fcbrigen Mitarbeiter sind nicht bevollm\u00e4chtigt, \u00c4nderungen oder Nebenabreden zu diesen Allgemeinen Verkaufs- und Lieferbedingungen zu vereinbaren. Vertragsbedingungen des Kunden wird ausdr\u00fccklich zur G\u00e4nze widersprochen. Sollten einzelne Punkte dieser Allgemeinen Verkaufs- und Lieferbedingungen unwirksam sein, so ber\u00fchrt dies die G\u00fcltigkeit der \u00fcbrigen Bestimmungen und der unter ihrer Zugrundelegung geschlossenen Vertr\u00e4ge nicht. Die Parteien werden anstelle der unwirksamen Bestimmung eine wirksame, die ihr dem Sinn und Zweck nach am n\u00e4chsten kommt, vereinbaren. Vertragsabschluss Unsere Angebote sind zur G\u00e4nze freibleibend. Bestellungen des Kunden sind das Angebot im Rechtssinn, an das der Kunde drei Wochen gebunden ist. Der Vertrag kommt erst durch unsere Auftragsbest\u00e4tigung (Rechnungslegung) oder durch Lieferung bzw. Leistung zustande. Eine gesonderte Verst\u00e4ndigung des Kunden von der Annahme ist nicht erforderlich. Unsere Preise verstehen sich inklusive der gesetzlichen nationalen Umsatzsteuer, inklusive Lieferkosten und ohne jegliche Nebenleistungen, sofern nicht in der jeweils geltenden Preisangabe im Bestellshop andere Lieferkonditionen bzw. Steuerabgaben, Zoll, Zollspesen angef\u00fchrt sind. Bei Lieferungen in L\u00e4nder au\u00dferhalb der Europ\u00e4ischen Union fallen zus\u00e4tzlich die jeweils geltenden Lieferkosten, Aus- und Einfuhrabgaben an. Lieferung und Lieferzeit Der Versand erfolgt auf Gefahr und Kosten des Kunden an die von ihm bei der Bestellung angegebene Lieferadresse. Die Angabe von Lieferterminen erfolgt unverbindlich. Die Nichteinhaltung der Liefertermine berechtigt den Kunden jedenfalls erst dann zur Geltendmachung des R\u00fccktrittsrechts, wenn wir trotz schriftlicher Setzung einer mindestens dreiw\u00f6chigen Nachfrist die Lieferung nicht durchf\u00fchren. Die Lieferfrist wird durch alle vom Parteiwillen unabh\u00e4ngigen Umst\u00e4nde, wie z.B. F\u00e4lle h\u00f6herer Gewalt, unvorhersehbare Betriebsst\u00f6rungen, beh\u00f6rdliche Eingriffe, Transport- und Verzollungsverzug, Transportsch\u00e4den, Ausschuss wichtiger Fertigungsteile und Arbeitskonflikte, um die Dauer der Hinderung verl\u00e4ngert. Es gelten die im Internetportal und in der Bestellung angef\u00fchrten Lieferkonditionen und Lieferbedingungen. Gew\u00e4hrleistung Auftretende M\u00e4ngel sind &#8211; ohne dass f\u00fcr den Kunden, der Konsument im Sinne des KSchG ist, bei Unterlassung nachteilige Rechtsfolgen verbunden w\u00e4ren &#8211; m\u00f6glichst bei Lieferung bzw. nach Sichtbarwerden bekanntzugeben. Wenn der Kunde Unternehmer im Sinne des KSchG ist, hat er die gelieferte Ware bzw. die erbrachte Leistung nach Erhalt unverz\u00fcglich auf Vollst\u00e4ndigkeit, Richtigkeit und sonstige M\u00e4ngelfreiheit zu \u00fcberpr\u00fcfen und eventuelle M\u00e4ngel unverz\u00fcglich, sp\u00e4testens jedoch f\u00fcnf Werktage nach Erhalt der Ware bzw. Leistung, bei sonstigem Verlust aller ihm aus bei einer ordnungsgem\u00e4\u00dfen Untersuchung erkennbarer M\u00e4ngeln zustehenden Anspr\u00fcche schriftlich zu r\u00fcgen. Der Kunde kann bei Mangelhaftigkeit der Sache zwischen Verbesserung und Austausch w\u00e4hlen. Nur wenn diese beiden Leistungen untunlich sind kann der Kunde &#8211; entsprechend den gesetzlichen Regelungen &#8211; angemessene Preisminderung oder Wandlung begehren. Wenn wir einen Mangel verbessern, erfolgt dies kosten- und spesenfrei durch uns, wobei wir verlangen k\u00f6nnen, dass der Kunde die Ware &#8211; soweit dies tunlich ist &#8211; auf unsere Gefahr und Kosten an uns versendet. Der Kunde ist verpflichtet, uns die M\u00f6glichkeit zur Verbesserung zu geben. Schadenersatz Wir \u00fcbernehmen keine Haftung f\u00fcr Sch\u00e4den aus welchem Rechtsgrund immer, insbesondere wegen Verzugs, Unm\u00f6glichkeit der Leistung, positiver Forderungsverletzung, Verschulden bei Vertragsabschluss, Mangelfolgeschadens, M\u00e4ngeln oder wegen unerlaubter Handlungen, welche infolge leichter Fahrl\u00e4ssigkeit durch uns oder Personen, f\u00fcr die wir einzustehen haben, verursacht werden. Kunden, die Unternehmer im Sinne des KSchG sind, haben das Vorliegen von grober Fahrl\u00e4ssigkeit oder Vorsatz zu beweisen. Bei Vertr\u00e4gen mit Konsumenten sind von diesem Haftungsausschluss Sch\u00e4den an der Person und an zur Bearbeitung \u00fcbernommenen Sachen ausgenommen. Zahlungsbedingungen Unsere Rechnungen sind ausschlie\u00dflich wie folgt zu begleichen: 1.Sofortkasse 2. PayPal 2.Kreditkarte (Mastercard, Visa) Zu Punkt 1: Der Versand der Ware erfolgt erst nach Einlangen des vollst\u00e4ndigen Rechnungsbetrages auf unserem Bankkonto. Zu Punkt 2: Der Versand der Ware erfolgt sofort nach Einlangen des vollst\u00e4ndigen Rechnungsbetrages bei PayPal und Freigabe durch PayPal an GNP GLOBAL NATURE PRODUCTS ASSOCIATION INC. Oregon\/USA. Zu Punkt 3: Die angegebene Kreditkarte wird sofort nach Absenden der Bestellung durch den Besteller auf Deckung gepr\u00fcft und anschlie\u00dfend belastet. Die Daten der Kreditkarte werden in keiner Form gespeichert und nicht an Dritte weitergegeben. Zu Punkt 1: F\u00fcr Bestellungen unter dem vereinbarten Mindestwarenwarenwert werden die Kosten der Porto- und Nachnahmekosten an den Kunden weiterbelastet. Eigentumsvorbehalt Bis zur vollst\u00e4ndigen Zahlung des Preises inklusive aller Nebengeb\u00fchren bleiben die gelieferten Gegenst\u00e4nde unser alleiniges und unbeschr\u00e4nktes Eigentum. Bis dahin sind sie somit nur ein dem Kunden anvertrautes Gut, das weder ver\u00e4u\u00dfert noch verpf\u00e4ndet, weder verschenkt noch verliehen werden darf. Der Kunde ist nicht berechtigt, \u00fcber diese Gegenst\u00e4nde ohne unsere vorherige ausdr\u00fcckliche Einwilligung zu verf\u00fcgen und tr\u00e4gt das volle Risiko f\u00fcr die ihm anvertraute Ware in jeder Hinsicht, insbesondere auch f\u00fcr die Gefahr des Untergangs, Verlusts und Verschlechterung. Anwendbares Recht, Erf\u00fcllungsort, Gerichtsstand ist der Sitz der Gesellschaft es gilt Schweizer Recht. Auf die Rechtsbeziehungen mit dem Kunden ist ausschlie\u00dflich Schweizer materielles Recht, deutsche Amtssprache, unter Ausschluss des UN Kaufrechts anzuwenden. Zahlungs- und Erf\u00fcllungsort f\u00fcr alle sich aus diesem Vertrag ergebenden Verpflichtungen ist Sitz der Gesellschaft GNP GLOBAL NATURE PRODUCTS ASSOCIATION INC. Oregon\/USA. Als Gerichtsstand f\u00fcr alle sich mittelbar oder unmittelbar aus dem Vertrag ergebenden Streitigkeiten das f\u00fcr Oregon\/USA \u00f6rtlich und sachlich zust\u00e4ndige USA- Gericht vereinbart. Wenn der Kunde Konsument im Sinne des KSchG ist, gilt dieser Gerichtstand nur dann als vereinbart, wenn der Kunde in diesem Gerichtssprengel seinen Wohnsitz, gew\u00f6hnlichen Aufenthalt oder Ort der Besch\u00e4ftigung hat oder wenn der Kunde im Ausland wohnt. Wir sind befugt, den Kunden auch an seinem allgemeinen Gerichtsstand zu klagen. Datenschutz Der Kunde stimmt zu, dass die im Rahmen der Bestellung und der Bestellabwicklung bekannt gegebenen Daten f\u00fcr Zwecke unserer Buchhaltung sowie zu internen Marktforschungs- und Marketingzwecken erhoben, bearbeitet, gespeichert und genutzt werden. Die Daten werden von uns zur Erf\u00fcllung von gesetzlichen Vorschriften, zur Abwicklung des Zahlungsverkehrs und zu Werbezwecken verwendet. Keine Markennamen missbr\u00e4uchlich verwenden Als Partner, Kunde von GNP GLOBAL NATURE PRODUCTS ASSOCIATION INC. d\u00fcrfen Markennamen online oder \u00fcber Suchmaschinen nicht missbr\u00e4uchlich verwendet werden, die Irritation mit der Marke erzeugen k\u00f6nnen. R\u00fccktrittsrecht nach \u00a7 5 e KSchG. Der Kunde, der Verbraucher im Sinne des KSchG ist, kann von einem im Fernabsatz geschlossenen Vertrag oder einer im Fernabsatz abgegebenen Vertragserkl\u00e4rung bis zum Ablauf der im folgenden genannten Fristen zur\u00fccktreten. Es gen\u00fcgt, wenn die R\u00fccktrittserkl\u00e4rung innerhalb der Frist abgesendet wird. Die R\u00fccktrittsfrist betr\u00e4gt sieben Werktage, wobei der Samstag nicht als Werktag z\u00e4hlt. Sie beginnt bei mit dem Tag des Bestelleinganges der Ware beim Anbieter (GNP GLOBAL NATURE PRODUCTS ASSOCIATION INC. Oregon\/USA. Sonstige Zustellungen und Willenserkl\u00e4rungen erfolgen bis zur schriftlichen Bekanntgabe einer anderen Anschrift rechtswirksam an die vom Kunden in der Bestellung angegebene Adresse. Der Kunde ist verpflichtet, bei Bestellung die ma\u00dfgeblichen im Shop abgefragten Daten vollst\u00e4ndig und richtig anzugeben. Bei unrichtigen, unvollst\u00e4ndigen und unklaren Angaben durch den Kunden haftet dieser f\u00fcr alle uns daraus entstehenden Kosten, selbiges gilt auch f\u00fcr Kosten, die uns durch die Nicht\u00fcbernahme der Ware durch den Besteller bzw. Empf\u00e4nger entstehen. Der Kunde ist bei sonstigem Schadenersatz verpflichtet, uns \u00c4nderungen des Namens, der Anschrift bzw. einen Wechsel des Wohnsitzes unverz\u00fcglich schriftlich bekannt zu geben. Im Unterlassungsfall gilt jede schriftliche Mitteilung, die an die zuletzt bekannt gegebene Adresse des Kunden erfolgt, als den Erfordernissen einer wirksamen Zustellung gen\u00fcgend. Eine \u00dcbertragung der Rechte aus dem mit uns abgeschlossenem Vertrag an Dritte bedarf unserer schriftlichen Zustimmung. Wir sind berechtigt. Eine Bestellung ist nur m\u00f6glich, wenn alle Pflichtfelder (mit einem Stern versehene Felder) ausgef\u00fcllt sind. Dem Kunden ist bekannt, dass das Internet kein sicheres Kommunikationsmedium ist und dass Daten, die \u00fcber das Internet versandt werden, einerseits bekannt werden k\u00f6nnen und andererseits von Dritten ver\u00e4ndert werden k\u00f6nnen. Der Kunde tr\u00e4gt das Risiko, dass Daten nicht oder nicht in der von ihm gesandten Form bei uns ankommen. Wir d\u00fcrfen darauf vertrauen, dass die Daten in der Form, in der wir sie erhalten, vom Kunden gesandt wurden.\u00a0<\/span><\/p>\n<p><span style=\"font-weight: 400;\">GNP GLOBAL NATURE PRODUCTS ASSOCIATION INC.<\/span><\/p>\n<p><span style=\"font-weight: 400;\">OREGON\/USA<\/span><\/p>\n<p>&nbsp;<\/p>\n<p>&nbsp;<\/p>\n<p><b>General Terms and Conditions (AGB) in English<\/b><\/p>\n<p><span style=\"font-weight: 400;\">scope of application. These General Terms and Conditions of Sale and Delivery apply to all deliveries of goods which are made by GNP GLOBAL NATURE PRODUCTS ASSOCIATION INC. Oregon\/USA on the basis of distance selling orders. The customer accepts these General Terms and Conditions of Sale and Delivery when placing an order or at the latest when receiving the goods. Amendments or ancillary agreements must be confirmed by authorised representatives of our company entered in the commercial register in order to be valid and shall only apply to the individual business transaction. Our other employees are not authorised to make amendments or subsidiary agreements to these General Terms and Conditions of Sale and Delivery. The customer&#8217;s contractual conditions are expressly contradicted in their entirety. Should individual points of these General Terms and Conditions of Sale and Delivery be ineffective, this shall not affect the validity of the remaining provisions and the contracts concluded on the basis thereof. The parties shall agree on a valid provision that comes closest to the invalid provision in terms of its meaning and purpose. Conclusion of contract Our offers are entirely subject to change without notice. Orders of the customer are the offer in the legal sense to which the customer is bound for three weeks. The contract is only concluded by our order confirmation (invoicing) or by delivery or service. A separate notification of the customer of acceptance is not required. Our prices are quoted inclusive of the statutory national value added tax, including delivery costs and without any additional services, unless other delivery conditions or tax charges, customs duties, customs fees are stated in the respective valid price quotation in the order shop. For deliveries to countries outside of the European Union, the respective applicable delivery costs, export and import duties are also incurred. Delivery and delivery time Delivery is at the risk and expense of the customer to the delivery address specified by him when ordering. The indication of delivery dates is not binding. Non-compliance with delivery dates shall in any case only entitle the customer to assert the right to withdraw from the contract if we do not carry out the delivery despite having set a period of grace of at least three weeks in writing. The delivery period shall be extended by the duration of the hindrance due to all circumstances independent of the will of the parties, such as cases of force majeure, unforeseeable operational disruptions, official interventions, transport and customs clearance delays, transport damage, rejects of important production parts and labour disputes. The delivery conditions and terms of delivery stated in the Internet portal and in the order shall apply. Defects occurring under warranty are to be reported &#8211; without any adverse legal consequences for the customer, who is a consumer within the meaning of the Consumer Protection Act (KSchG), in the event of failure to do so &#8211; if possible upon delivery or after they become visible. If the customer is an entrepreneur within the meaning of the KSchG, he must inspect the delivered goods or the provided service immediately after receipt for completeness, correctness and other freedom from defects and report any defects in writing immediately, but no later than five working days after receipt of the goods or service, otherwise he loses all claims to which he is entitled arising from defects that are recognisable during a proper inspection. The customer may, in the event of defectiveness of Choose between improvement and exchange. Only if these two services are impractical can the customer &#8211; in accordance with the legal regulations &#8211; demand an appropriate price reduction or rescission. If we rectify a defect, this shall be done by us free of charge and expenses, whereby we can demand that the customer sends the goods to us at our risk and expense &#8211; insofar as this is feasible. The customer is obliged to give us the opportunity to improve the goods. Compensation for damages We accept no liability for damages on whatever legal grounds, in particular due to delay, impossibility of performance, positive violation of claims, culpa in contrahendo, consequential harm caused by a defect, defects or due to unauthorised actions, which are caused as a result of slight negligence by us or persons for whom we are responsible. Customers who are entrepreneurs within the meaning of the KSchG must prove the existence of gross negligence or intent. In the case of contracts with consumers, damage to the person and to items taken over for processing is excluded from this exclusion of liability. Terms of payment Our invoices are to be paid exclusively as follows: 1. immediate cash 2. PayPal 2. credit card (Mastercard, Visa) To point 1: The dispatch of the goods is only after receipt of the full invoice amount on our bank account. To point 2: The dispatch of the goods takes place immediately after receipt of the complete invoice amount with PayPal and release by PayPal to GNP GLOBAL NATURE PRODUCTS ASSOCIATION INC. Oregon\/USA. Regarding point 3: The credit card provided will be checked for coverage immediately after the order has been sent by the customer and will then be charged. The credit card data will not be stored in any form and will not be passed on to third parties. To point 1: For orders below the agreed minimum merchandise value, the costs of postage and cash on delivery will be charged to the customer. Retention of title Until full payment of the price including all additional charges, the delivered items remain our sole and unrestricted property. Until then, they are therefore only goods entrusted to the customer, which may not be sold, pledged, given away or lent. The customer is not entitled to dispose of these items without our prior express consent and bears the full risk for the goods entrusted to him in every respect, in particular also for the risk of destruction, loss and deterioration. Applicable law, place of performance, place of jurisdiction is the company&#8217;s registered office; Swiss law applies. Swiss substantive law, German official language, excluding the UN Convention on Contracts for the International Sale of Goods, shall apply exclusively to the legal relations with the customer. The place of payment and performance for all obligations arising from this contract is the headquarters of the company GNP GLOBAL NATURE PRODUCTS ASSOCIATION INC. Oregon\/USA. <\/span><\/p>\n\n\t\t<\/div>\n\t<\/div>\n<\/div><\/div><\/div><\/div>","protected":false},"excerpt":{"rendered":"Allgemeinen Gesch\u00e4ftsbedingungen (AGB)\u00a0 Geltungsbereich. Diese Allgemeinen Verkaufs- und Lieferbedingungen gelten f\u00fcr alle Lieferungen von Waren welche durch die GNP GLOBAL","protected":false},"author":1,"featured_media":0,"parent":0,"menu_order":0,"comment_status":"closed","ping_status":"closed","template":"","meta":[],"_links":{"self":[{"href":"https:\/\/cannabis-pastillen.com\/en\/wp-json\/wp\/v2\/pages\/2769"}],"collection":[{"href":"https:\/\/cannabis-pastillen.com\/en\/wp-json\/wp\/v2\/pages"}],"about":[{"href":"https:\/\/cannabis-pastillen.com\/en\/wp-json\/wp\/v2\/types\/page"}],"author":[{"embeddable":true,"href":"https:\/\/cannabis-pastillen.com\/en\/wp-json\/wp\/v2\/users\/1"}],"replies":[{"embeddable":true,"href":"https:\/\/cannabis-pastillen.com\/en\/wp-json\/wp\/v2\/comments?post=2769"}],"version-history":[{"count":3,"href":"https:\/\/cannabis-pastillen.com\/en\/wp-json\/wp\/v2\/pages\/2769\/revisions"}],"predecessor-version":[{"id":2795,"href":"https:\/\/cannabis-pastillen.com\/en\/wp-json\/wp\/v2\/pages\/2769\/revisions\/2795"}],"wp:attachment":[{"href":"https:\/\/cannabis-pastillen.com\/en\/wp-json\/wp\/v2\/media?parent=2769"}],"curies":[{"name":"wp","href":"https:\/\/api.w.org\/{rel}","templated":true}]}}